{"id":2158,"date":"2025-03-25T15:29:17","date_gmt":"2025-03-25T14:29:17","guid":{"rendered":"https:\/\/www.naus.de\/legal-notice\/"},"modified":"2025-03-25T16:19:51","modified_gmt":"2025-03-25T15:19:51","slug":"legal-notice","status":"publish","type":"page","link":"https:\/\/www.naus.de\/en\/legal-notice\/","title":{"rendered":"Legal notice"},"content":{"rendered":"\t\t<div data-elementor-type=\"wp-page\" data-elementor-id=\"2158\" class=\"elementor elementor-2158 elementor-1943\" data-elementor-post-type=\"page\">\n\t\t\t\t<div class=\"elementor-element elementor-element-174cd48 e-flex e-con-boxed e-con e-parent\" data-id=\"174cd48\" data-element_type=\"container\" data-e-type=\"container\" data-settings=\"{&quot;background_background&quot;:&quot;classic&quot;}\">\n\t\t\t\t\t<div class=\"e-con-inner\">\n\t\t\t\t<div class=\"elementor-element elementor-element-7668a48 elementor-widget elementor-widget-heading\" data-id=\"7668a48\" data-element_type=\"widget\" data-e-type=\"widget\" data-widget_type=\"heading.default\">\n\t\t\t\t<div class=\"elementor-widget-container\">\n\t\t\t\t\t<h1 class=\"elementor-heading-title elementor-size-default\">Legal notice<\/h1>\t\t\t\t<\/div>\n\t\t\t\t<\/div>\n\t\t\t\t<div class=\"elementor-element elementor-element-4f82f85 elementor-widget elementor-widget-heading\" data-id=\"4f82f85\" data-element_type=\"widget\" data-e-type=\"widget\" data-widget_type=\"heading.default\">\n\t\t\t\t<div class=\"elementor-widget-container\">\n\t\t\t\t\t<span class=\"elementor-heading-title elementor-size-default\">Always well informed.<\/span>\t\t\t\t<\/div>\n\t\t\t\t<\/div>\n\t\t\t\t\t<\/div>\n\t\t\t\t<\/div>\n\t\t<div class=\"elementor-element elementor-element-bea31fa e-flex e-con-boxed e-con e-parent\" data-id=\"bea31fa\" data-element_type=\"container\" data-e-type=\"container\">\n\t\t\t\t\t<div class=\"e-con-inner\">\n\t\t<div class=\"elementor-element elementor-element-05eff33 e-con-full e-flex e-con e-child\" data-id=\"05eff33\" data-element_type=\"container\" data-e-type=\"container\">\n\t\t\t\t<div class=\"elementor-element elementor-element-82de707 elementor-widget elementor-widget-heading\" data-id=\"82de707\" data-element_type=\"widget\" data-e-type=\"widget\" data-widget_type=\"heading.default\">\n\t\t\t\t<div class=\"elementor-widget-container\">\n\t\t\t\t\t<h2 class=\"elementor-heading-title elementor-size-default\">Legal notice<\/h2>\t\t\t\t<\/div>\n\t\t\t\t<\/div>\n\t\t\t\t<div class=\"elementor-element elementor-element-0f7bf51 elementor-widget elementor-widget-spacer\" data-id=\"0f7bf51\" data-element_type=\"widget\" data-e-type=\"widget\" data-widget_type=\"spacer.default\">\n\t\t\t\t<div class=\"elementor-widget-container\">\n\t\t\t\t\t\t\t<div class=\"elementor-spacer\">\n\t\t\t<div class=\"elementor-spacer-inner\"><\/div>\n\t\t<\/div>\n\t\t\t\t\t\t<\/div>\n\t\t\t\t<\/div>\n\t\t\t\t<div class=\"elementor-element elementor-element-008da51 elementor-widget elementor-widget-text-editor\" data-id=\"008da51\" data-element_type=\"widget\" data-e-type=\"widget\" data-widget_type=\"text-editor.default\">\n\t\t\t\t<div class=\"elementor-widget-container\">\n\t\t\t\t\t\t\t\t\t<h6>NAME AND ADDRESS<\/h6><p>Naus Funkenerosion GmbH<br>Andreas-Stihl-Stra\u00dfe 11-13<br>71336 Waiblingen-Neustadt<\/p><p>Phone: +49 (0) 7151 20533-0<br>Fax: +49 (0) 7151 20533-20<\/p><p>E-mail:<a href=\"mailto:info@naus.de\"> info@naus.de<\/a><\/p><h6> <\/h6><h6>BUSINESS FORM<\/h6><p>limited liability company<\/p><h6> <\/h6><h6>AUTHORISED REPRESENTATIVES\/MANAGING DIRECTORS<\/h6><p>Ralf Naus, Uwe Naus, Jens Naus<\/p><h6> <\/h6><h6>RESPONSIBLE FOR THE CONTENT OF THE PAGES<\/h6><p>Ralf Naus, Uwe Naus, Jens Naus<\/p><h6> <\/h6><h6>REGISTERED IN<\/h6><p>Commercial Register Court Stuttgart HRB 261630<br>VAT registration number<br>DE 232516529<\/p><h6> <\/h6><h6>Concept, design and programming:<\/h6><p>Neckarfreunde GmbH<br>Silberburgstra\u00dfe 187<br>70178 Stuttgart<\/p><p><a href=\"http:\/\/www.neckarfreunde.de\/\">www.neckarfreunde.de<\/a><\/p><h6> <\/h6><h6>DISCLAIMER<\/h6><p><strong>1. Liability for content<br><\/strong>The content of our pages has been compiled with the greatest care. However, we cannot guarantee the accuracy, completeness or timeliness of the content.<\/p><p>As a service provider, we are in accordance with \u00a7 7 Abs.1 TMG is responsible for its own content on these pages in accordance with general law. According to \u00a7\u00a7 8 to 10 TMG, we are not obligated to monitor or search for circumstances that indicate illegal activity in transmitted or stored third-party information. Obligations to remove or block the use of information in accordance with general legislation remain unaffected. However, liability in this regard is only possible from the moment that knowledge of a specific infringement is obtained. If we become aware of any corresponding legal infringements, we will remove these contents immediately.<\/p><p><strong>2. Liability for links<br><\/strong>Our site contains links to external websites over which we have no control. Therefore, we cannot assume any liability for this third-party content. The respective provider or operator of the pages is always responsible for the contents of the linked pages. The linked pages were checked for possible legal violations at the time the links were created. No illegal content was recognisable at the time of linking. However, permanent monitoring of the content of linked pages is not reasonable without concrete evidence of a violation of the law. We will immediately remove such links upon becoming aware of any legal violations.<\/p><p><strong>3. Copyright<br><\/strong>The content and works on these pages created by the site operators are subject to German copyright law. Duplication, processing, distribution, or any form of commercialisation of such material beyond the scope of the copyright law shall require the prior written consent of its respective author or creator. Downloads and copies of these pages are only permitted for private, non-commercial use. Insofar as the content on this site was not created by the operator, the copyrights of third parties are respected. In particular, third-party content is labelled as such. Should you nevertheless become aware of a copyright infringement, please notify us accordingly. We will immediately remove such content upon becoming aware of any violations.<\/p><p><em>Source: eRecht24.de \u2013 Internet law from lawyer S\u00f6ren Siebert<\/em><\/p>\t\t\t\t\t\t\t\t<\/div>\n\t\t\t\t<\/div>\n\t\t\t\t<\/div>\n\t\t\t\t\t<\/div>\n\t\t\t\t<\/div>\n\t\t\t\t<\/div>\n\t\t","protected":false},"excerpt":{"rendered":"<p>Legal notice Always well informed. Legal notice NAME AND ADDRESS Naus Funkenerosion GmbHAndreas-Stihl-Stra\u00dfe 11-1371336 Waiblingen-Neustadt Phone: +49 (0) 7151 20533-0Fax: +49 (0) 7151 20533-20 E-mail: info@naus.de BUSINESS FORM limited liability company AUTHORISED REPRESENTATIVES\/MANAGING DIRECTORS Ralf Naus, Uwe Naus, Jens Naus RESPONSIBLE FOR THE CONTENT OF THE PAGES Ralf Naus, Uwe Naus, Jens Naus REGISTERED IN [&hellip;]<\/p>\n","protected":false},"author":1,"featured_media":0,"parent":0,"menu_order":0,"comment_status":"closed","ping_status":"closed","template":"","meta":{"footnotes":""},"class_list":["post-2158","page","type-page","status-publish","hentry"],"yoast_head":"<!-- This site is optimized with the Yoast SEO plugin v27.2 - https:\/\/yoast.com\/product\/yoast-seo-wordpress\/ -->\n<title>Legal notice - naus Funkenerosion<\/title>\n<meta name=\"robots\" content=\"index, follow, max-snippet:-1, max-image-preview:large, max-video-preview:-1\" \/>\n<link rel=\"canonical\" href=\"https:\/\/www.naus.de\/impressum\/\" \/>\n<meta property=\"og:locale\" content=\"en_US\" \/>\n<meta property=\"og:type\" content=\"article\" \/>\n<meta property=\"og:title\" content=\"Legal notice - naus Funkenerosion\" \/>\n<meta property=\"og:description\" content=\"Legal notice Always well informed. Legal notice NAME AND ADDRESS Naus Funkenerosion GmbHAndreas-Stihl-Stra\u00dfe 11-1371336 Waiblingen-Neustadt Phone: +49 (0) 7151 20533-0Fax: +49 (0) 7151 20533-20 E-mail: info@naus.de BUSINESS FORM limited liability company AUTHORISED REPRESENTATIVES\/MANAGING DIRECTORS Ralf Naus, Uwe Naus, Jens Naus RESPONSIBLE FOR THE CONTENT OF THE PAGES Ralf Naus, Uwe Naus, Jens Naus REGISTERED IN [&hellip;]\" \/>\n<meta property=\"og:url\" content=\"https:\/\/www.naus.de\/impressum\/\" \/>\n<meta property=\"og:site_name\" content=\"naus Funkenerosion\" \/>\n<meta property=\"article:modified_time\" content=\"2025-03-25T15:19:51+00:00\" \/>\n<meta name=\"twitter:card\" content=\"summary_large_image\" \/>\n<meta name=\"twitter:label1\" content=\"Est. reading time\" \/>\n\t<meta name=\"twitter:data1\" content=\"2 minutes\" \/>\n<script type=\"application\/ld+json\" class=\"yoast-schema-graph\">{\"@context\":\"https:\/\/schema.org\",\"@graph\":[{\"@type\":\"WebPage\",\"@id\":\"https:\/\/www.naus.de\/impressum\/\",\"url\":\"https:\/\/www.naus.de\/impressum\/\",\"name\":\"Legal notice - naus Funkenerosion\",\"isPartOf\":{\"@id\":\"https:\/\/www.naus.de\/#website\"},\"datePublished\":\"2025-03-25T14:29:17+00:00\",\"dateModified\":\"2025-03-25T15:19:51+00:00\",\"breadcrumb\":{\"@id\":\"https:\/\/www.naus.de\/impressum\/#breadcrumb\"},\"inLanguage\":\"en-US\",\"potentialAction\":[{\"@type\":\"ReadAction\",\"target\":[\"https:\/\/www.naus.de\/impressum\/\"]}]},{\"@type\":\"BreadcrumbList\",\"@id\":\"https:\/\/www.naus.de\/impressum\/#breadcrumb\",\"itemListElement\":[{\"@type\":\"ListItem\",\"position\":1,\"name\":\"Startseite\",\"item\":\"https:\/\/www.naus.de\/\"},{\"@type\":\"ListItem\",\"position\":2,\"name\":\"Legal notice\"}]},{\"@type\":\"WebSite\",\"@id\":\"https:\/\/www.naus.de\/#website\",\"url\":\"https:\/\/www.naus.de\/\",\"name\":\"naus Funkenerosion\",\"description\":\"Drahterosion, Senkerosion, Bohrerosion und Fr\u00e4stechnik mit h\u00f6chster Pr\u00e4zision\",\"publisher\":{\"@id\":\"https:\/\/www.naus.de\/#organization\"},\"potentialAction\":[{\"@type\":\"SearchAction\",\"target\":{\"@type\":\"EntryPoint\",\"urlTemplate\":\"https:\/\/www.naus.de\/?s={search_term_string}\"},\"query-input\":{\"@type\":\"PropertyValueSpecification\",\"valueRequired\":true,\"valueName\":\"search_term_string\"}}],\"inLanguage\":\"en-US\"},{\"@type\":\"Organization\",\"@id\":\"https:\/\/www.naus.de\/#organization\",\"name\":\"naus Funkenerosion\",\"url\":\"https:\/\/www.naus.de\/\",\"logo\":{\"@type\":\"ImageObject\",\"inLanguage\":\"en-US\",\"@id\":\"https:\/\/www.naus.de\/#\/schema\/logo\/image\/\",\"url\":\"https:\/\/www.naus.de\/wp-content\/uploads\/naus_logo_4c.jpg\",\"contentUrl\":\"https:\/\/www.naus.de\/wp-content\/uploads\/naus_logo_4c.jpg\",\"width\":709,\"height\":295,\"caption\":\"naus Funkenerosion\"},\"image\":{\"@id\":\"https:\/\/www.naus.de\/#\/schema\/logo\/image\/\"}}]}<\/script>\n<!-- \/ Yoast SEO plugin. -->","yoast_head_json":{"title":"Legal notice - naus Funkenerosion","robots":{"index":"index","follow":"follow","max-snippet":"max-snippet:-1","max-image-preview":"max-image-preview:large","max-video-preview":"max-video-preview:-1"},"canonical":"https:\/\/www.naus.de\/impressum\/","og_locale":"en_US","og_type":"article","og_title":"Legal notice - naus Funkenerosion","og_description":"Legal notice Always well informed. Legal notice NAME AND ADDRESS Naus Funkenerosion GmbHAndreas-Stihl-Stra\u00dfe 11-1371336 Waiblingen-Neustadt Phone: +49 (0) 7151 20533-0Fax: +49 (0) 7151 20533-20 E-mail: info@naus.de BUSINESS FORM limited liability company AUTHORISED REPRESENTATIVES\/MANAGING DIRECTORS Ralf Naus, Uwe Naus, Jens Naus RESPONSIBLE FOR THE CONTENT OF THE PAGES Ralf Naus, Uwe Naus, Jens Naus REGISTERED IN [&hellip;]","og_url":"https:\/\/www.naus.de\/impressum\/","og_site_name":"naus Funkenerosion","article_modified_time":"2025-03-25T15:19:51+00:00","twitter_card":"summary_large_image","twitter_misc":{"Est. reading time":"2 minutes"},"schema":{"@context":"https:\/\/schema.org","@graph":[{"@type":"WebPage","@id":"https:\/\/www.naus.de\/impressum\/","url":"https:\/\/www.naus.de\/impressum\/","name":"Legal notice - naus Funkenerosion","isPartOf":{"@id":"https:\/\/www.naus.de\/#website"},"datePublished":"2025-03-25T14:29:17+00:00","dateModified":"2025-03-25T15:19:51+00:00","breadcrumb":{"@id":"https:\/\/www.naus.de\/impressum\/#breadcrumb"},"inLanguage":"en-US","potentialAction":[{"@type":"ReadAction","target":["https:\/\/www.naus.de\/impressum\/"]}]},{"@type":"BreadcrumbList","@id":"https:\/\/www.naus.de\/impressum\/#breadcrumb","itemListElement":[{"@type":"ListItem","position":1,"name":"Startseite","item":"https:\/\/www.naus.de\/"},{"@type":"ListItem","position":2,"name":"Legal notice"}]},{"@type":"WebSite","@id":"https:\/\/www.naus.de\/#website","url":"https:\/\/www.naus.de\/","name":"naus Funkenerosion","description":"Drahterosion, Senkerosion, Bohrerosion und Fr\u00e4stechnik mit h\u00f6chster Pr\u00e4zision","publisher":{"@id":"https:\/\/www.naus.de\/#organization"},"potentialAction":[{"@type":"SearchAction","target":{"@type":"EntryPoint","urlTemplate":"https:\/\/www.naus.de\/?s={search_term_string}"},"query-input":{"@type":"PropertyValueSpecification","valueRequired":true,"valueName":"search_term_string"}}],"inLanguage":"en-US"},{"@type":"Organization","@id":"https:\/\/www.naus.de\/#organization","name":"naus Funkenerosion","url":"https:\/\/www.naus.de\/","logo":{"@type":"ImageObject","inLanguage":"en-US","@id":"https:\/\/www.naus.de\/#\/schema\/logo\/image\/","url":"https:\/\/www.naus.de\/wp-content\/uploads\/naus_logo_4c.jpg","contentUrl":"https:\/\/www.naus.de\/wp-content\/uploads\/naus_logo_4c.jpg","width":709,"height":295,"caption":"naus Funkenerosion"},"image":{"@id":"https:\/\/www.naus.de\/#\/schema\/logo\/image\/"}}]}},"_links":{"self":[{"href":"https:\/\/www.naus.de\/en\/wp-json\/wp\/v2\/pages\/2158","targetHints":{"allow":["GET"]}}],"collection":[{"href":"https:\/\/www.naus.de\/en\/wp-json\/wp\/v2\/pages"}],"about":[{"href":"https:\/\/www.naus.de\/en\/wp-json\/wp\/v2\/types\/page"}],"author":[{"embeddable":true,"href":"https:\/\/www.naus.de\/en\/wp-json\/wp\/v2\/users\/1"}],"replies":[{"embeddable":true,"href":"https:\/\/www.naus.de\/en\/wp-json\/wp\/v2\/comments?post=2158"}],"version-history":[{"count":0,"href":"https:\/\/www.naus.de\/en\/wp-json\/wp\/v2\/pages\/2158\/revisions"}],"wp:attachment":[{"href":"https:\/\/www.naus.de\/en\/wp-json\/wp\/v2\/media?parent=2158"}],"curies":[{"name":"wp","href":"https:\/\/api.w.org\/{rel}","templated":true}]}}