{"id":2156,"date":"2025-03-25T15:32:02","date_gmt":"2025-03-25T14:32:02","guid":{"rendered":"https:\/\/www.naus.de\/tc\/"},"modified":"2025-03-25T16:14:08","modified_gmt":"2025-03-25T15:14:08","slug":"tc","status":"publish","type":"page","link":"https:\/\/www.naus.de\/en\/tc\/","title":{"rendered":"T&amp;C"},"content":{"rendered":"\t\t<div data-elementor-type=\"wp-page\" data-elementor-id=\"2156\" class=\"elementor elementor-2156 elementor-1950\" data-elementor-post-type=\"page\">\n\t\t\t\t<div class=\"elementor-element elementor-element-7d5d190 e-flex e-con-boxed e-con e-parent\" data-id=\"7d5d190\" data-element_type=\"container\" data-e-type=\"container\" data-settings=\"{&quot;background_background&quot;:&quot;classic&quot;}\">\n\t\t\t\t\t<div class=\"e-con-inner\">\n\t\t\t\t<div class=\"elementor-element elementor-element-3eaaa4c elementor-widget elementor-widget-heading\" data-id=\"3eaaa4c\" data-element_type=\"widget\" data-e-type=\"widget\" data-widget_type=\"heading.default\">\n\t\t\t\t<div class=\"elementor-widget-container\">\n\t\t\t\t\t<h1 class=\"elementor-heading-title elementor-size-default\">T&amp;C<\/h1>\t\t\t\t<\/div>\n\t\t\t\t<\/div>\n\t\t\t\t<div class=\"elementor-element elementor-element-8b40c99 elementor-widget elementor-widget-heading\" data-id=\"8b40c99\" data-element_type=\"widget\" data-e-type=\"widget\" data-widget_type=\"heading.default\">\n\t\t\t\t<div class=\"elementor-widget-container\">\n\t\t\t\t\t<span class=\"elementor-heading-title elementor-size-default\">Terms and conditions of sale and delivery<\/span>\t\t\t\t<\/div>\n\t\t\t\t<\/div>\n\t\t\t\t\t<\/div>\n\t\t\t\t<\/div>\n\t\t<div class=\"elementor-element elementor-element-73862f8 e-flex e-con-boxed e-con e-parent\" data-id=\"73862f8\" data-element_type=\"container\" data-e-type=\"container\">\n\t\t\t\t\t<div class=\"e-con-inner\">\n\t\t<div class=\"elementor-element elementor-element-259cb6d e-con-full e-flex e-con e-child\" data-id=\"259cb6d\" data-element_type=\"container\" data-e-type=\"container\">\n\t\t\t\t<div class=\"elementor-element elementor-element-bac871d elementor-widget elementor-widget-heading\" data-id=\"bac871d\" data-element_type=\"widget\" data-e-type=\"widget\" data-widget_type=\"heading.default\">\n\t\t\t\t<div class=\"elementor-widget-container\">\n\t\t\t\t\t<h2 class=\"elementor-heading-title elementor-size-default\">T&amp;C<\/h2>\t\t\t\t<\/div>\n\t\t\t\t<\/div>\n\t\t\t\t<div class=\"elementor-element elementor-element-e27c14f elementor-widget elementor-widget-spacer\" data-id=\"e27c14f\" data-element_type=\"widget\" data-e-type=\"widget\" data-widget_type=\"spacer.default\">\n\t\t\t\t<div class=\"elementor-widget-container\">\n\t\t\t\t\t\t\t<div class=\"elementor-spacer\">\n\t\t\t<div class=\"elementor-spacer-inner\"><\/div>\n\t\t<\/div>\n\t\t\t\t\t\t<\/div>\n\t\t\t\t<\/div>\n\t\t\t\t<div class=\"elementor-element elementor-element-60b6447 elementor-widget elementor-widget-text-editor\" data-id=\"60b6447\" data-element_type=\"widget\" data-e-type=\"widget\" data-widget_type=\"text-editor.default\">\n\t\t\t\t<div class=\"elementor-widget-container\">\n\t\t\t\t\t\t\t\t\t<p><strong>1. Offers<br><\/strong>All offers are subject to change. An order is only considered accepted when it has been confirmed in writing. Verbal agreements require written confirmation.<\/p><p><strong>2. Delivery time<br><\/strong>The stated delivery times are not binding. The delivery time begins as soon as all details have been clarified and both parties agree to all terms of the order. We endeavour to meet our delivery times in all cases. In the event of force majeure or operational disruptions, we are entitled to wholly or partially cancel our delivery obligations. Penalties for delay or other claims for compensation are excluded.<\/p><p><strong>3. Payment terms<br><\/strong>Payable within 10 days with 2% discount or within 30 days after date of invoice strictly net.<\/p><p><strong>4. Shipping<br><\/strong>Shipping is at the cost and risk of the recipient.<\/p><p><strong>5. Complaints<br><\/strong>Complaints can only be considered if they are made within 8 days of receipt of the goods. In the event of justified complaints, we will rework the work we have carried out free of charge. Further claims cannot be asserted.<\/p><p><strong>6. Reservation of title<br><\/strong>The goods remain our property until full payment has been received. Bills of exchange and cheques are only considered as payment after they have been cashed.<\/p><p><strong>7. Place of fulfilment and court of jurisdiction<br><\/strong>The place of fulfilment for delivery and payment is Waiblingen \u2013 court of jurisdiction Waiblingen.<\/p><p>All business transactions with us are subject to these terms and conditions and are deemed to have been accepted by the customer even if the order forms state different terms and conditions.<\/p>\t\t\t\t\t\t\t\t<\/div>\n\t\t\t\t<\/div>\n\t\t\t\t<\/div>\n\t\t\t\t\t<\/div>\n\t\t\t\t<\/div>\n\t\t\t\t<\/div>\n\t\t","protected":false},"excerpt":{"rendered":"<p>T&amp;C Terms and conditions of sale and delivery T&amp;C 1. OffersAll offers are subject to change. An order is only considered accepted when it has been confirmed in writing. Verbal agreements require written confirmation. 2. Delivery timeThe stated delivery times are not binding. The delivery time begins as soon as all details have been clarified [&hellip;]<\/p>\n","protected":false},"author":1,"featured_media":0,"parent":0,"menu_order":0,"comment_status":"closed","ping_status":"closed","template":"","meta":{"footnotes":""},"class_list":["post-2156","page","type-page","status-publish","hentry"],"yoast_head":"<!-- This site is optimized with the Yoast SEO plugin v27.2 - https:\/\/yoast.com\/product\/yoast-seo-wordpress\/ -->\n<title>T&amp;C - naus Funkenerosion<\/title>\n<meta name=\"robots\" content=\"index, follow, max-snippet:-1, max-image-preview:large, max-video-preview:-1\" \/>\n<link rel=\"canonical\" href=\"https:\/\/www.naus.de\/agb\/\" \/>\n<meta property=\"og:locale\" content=\"en_US\" \/>\n<meta property=\"og:type\" content=\"article\" \/>\n<meta property=\"og:title\" content=\"T&amp;C - naus Funkenerosion\" \/>\n<meta property=\"og:description\" content=\"T&amp;C Terms and conditions of sale and delivery T&amp;C 1. OffersAll offers are subject to change. An order is only considered accepted when it has been confirmed in writing. Verbal agreements require written confirmation. 2. Delivery timeThe stated delivery times are not binding. The delivery time begins as soon as all details have been clarified [&hellip;]\" \/>\n<meta property=\"og:url\" content=\"https:\/\/www.naus.de\/agb\/\" \/>\n<meta property=\"og:site_name\" content=\"naus Funkenerosion\" \/>\n<meta property=\"article:modified_time\" content=\"2025-03-25T15:14:08+00:00\" \/>\n<meta name=\"twitter:card\" content=\"summary_large_image\" \/>\n<meta name=\"twitter:label1\" content=\"Est. reading time\" \/>\n\t<meta name=\"twitter:data1\" content=\"1 minute\" \/>\n<script type=\"application\/ld+json\" class=\"yoast-schema-graph\">{\"@context\":\"https:\/\/schema.org\",\"@graph\":[{\"@type\":\"WebPage\",\"@id\":\"https:\/\/www.naus.de\/agb\/\",\"url\":\"https:\/\/www.naus.de\/agb\/\",\"name\":\"T&amp;C - naus Funkenerosion\",\"isPartOf\":{\"@id\":\"https:\/\/www.naus.de\/#website\"},\"datePublished\":\"2025-03-25T14:32:02+00:00\",\"dateModified\":\"2025-03-25T15:14:08+00:00\",\"breadcrumb\":{\"@id\":\"https:\/\/www.naus.de\/agb\/#breadcrumb\"},\"inLanguage\":\"en-US\",\"potentialAction\":[{\"@type\":\"ReadAction\",\"target\":[\"https:\/\/www.naus.de\/agb\/\"]}]},{\"@type\":\"BreadcrumbList\",\"@id\":\"https:\/\/www.naus.de\/agb\/#breadcrumb\",\"itemListElement\":[{\"@type\":\"ListItem\",\"position\":1,\"name\":\"Startseite\",\"item\":\"https:\/\/www.naus.de\/\"},{\"@type\":\"ListItem\",\"position\":2,\"name\":\"T&amp;C\"}]},{\"@type\":\"WebSite\",\"@id\":\"https:\/\/www.naus.de\/#website\",\"url\":\"https:\/\/www.naus.de\/\",\"name\":\"naus Funkenerosion\",\"description\":\"Drahterosion, Senkerosion, Bohrerosion und Fr\u00e4stechnik mit h\u00f6chster Pr\u00e4zision\",\"publisher\":{\"@id\":\"https:\/\/www.naus.de\/#organization\"},\"potentialAction\":[{\"@type\":\"SearchAction\",\"target\":{\"@type\":\"EntryPoint\",\"urlTemplate\":\"https:\/\/www.naus.de\/?s={search_term_string}\"},\"query-input\":{\"@type\":\"PropertyValueSpecification\",\"valueRequired\":true,\"valueName\":\"search_term_string\"}}],\"inLanguage\":\"en-US\"},{\"@type\":\"Organization\",\"@id\":\"https:\/\/www.naus.de\/#organization\",\"name\":\"naus Funkenerosion\",\"url\":\"https:\/\/www.naus.de\/\",\"logo\":{\"@type\":\"ImageObject\",\"inLanguage\":\"en-US\",\"@id\":\"https:\/\/www.naus.de\/#\/schema\/logo\/image\/\",\"url\":\"https:\/\/www.naus.de\/wp-content\/uploads\/naus_logo_4c.jpg\",\"contentUrl\":\"https:\/\/www.naus.de\/wp-content\/uploads\/naus_logo_4c.jpg\",\"width\":709,\"height\":295,\"caption\":\"naus Funkenerosion\"},\"image\":{\"@id\":\"https:\/\/www.naus.de\/#\/schema\/logo\/image\/\"}}]}<\/script>\n<!-- \/ Yoast SEO plugin. -->","yoast_head_json":{"title":"T&amp;C - naus Funkenerosion","robots":{"index":"index","follow":"follow","max-snippet":"max-snippet:-1","max-image-preview":"max-image-preview:large","max-video-preview":"max-video-preview:-1"},"canonical":"https:\/\/www.naus.de\/agb\/","og_locale":"en_US","og_type":"article","og_title":"T&amp;C - naus Funkenerosion","og_description":"T&amp;C Terms and conditions of sale and delivery T&amp;C 1. OffersAll offers are subject to change. An order is only considered accepted when it has been confirmed in writing. Verbal agreements require written confirmation. 2. Delivery timeThe stated delivery times are not binding. The delivery time begins as soon as all details have been clarified [&hellip;]","og_url":"https:\/\/www.naus.de\/agb\/","og_site_name":"naus Funkenerosion","article_modified_time":"2025-03-25T15:14:08+00:00","twitter_card":"summary_large_image","twitter_misc":{"Est. reading time":"1 minute"},"schema":{"@context":"https:\/\/schema.org","@graph":[{"@type":"WebPage","@id":"https:\/\/www.naus.de\/agb\/","url":"https:\/\/www.naus.de\/agb\/","name":"T&amp;C - naus Funkenerosion","isPartOf":{"@id":"https:\/\/www.naus.de\/#website"},"datePublished":"2025-03-25T14:32:02+00:00","dateModified":"2025-03-25T15:14:08+00:00","breadcrumb":{"@id":"https:\/\/www.naus.de\/agb\/#breadcrumb"},"inLanguage":"en-US","potentialAction":[{"@type":"ReadAction","target":["https:\/\/www.naus.de\/agb\/"]}]},{"@type":"BreadcrumbList","@id":"https:\/\/www.naus.de\/agb\/#breadcrumb","itemListElement":[{"@type":"ListItem","position":1,"name":"Startseite","item":"https:\/\/www.naus.de\/"},{"@type":"ListItem","position":2,"name":"T&amp;C"}]},{"@type":"WebSite","@id":"https:\/\/www.naus.de\/#website","url":"https:\/\/www.naus.de\/","name":"naus Funkenerosion","description":"Drahterosion, Senkerosion, Bohrerosion und Fr\u00e4stechnik mit h\u00f6chster Pr\u00e4zision","publisher":{"@id":"https:\/\/www.naus.de\/#organization"},"potentialAction":[{"@type":"SearchAction","target":{"@type":"EntryPoint","urlTemplate":"https:\/\/www.naus.de\/?s={search_term_string}"},"query-input":{"@type":"PropertyValueSpecification","valueRequired":true,"valueName":"search_term_string"}}],"inLanguage":"en-US"},{"@type":"Organization","@id":"https:\/\/www.naus.de\/#organization","name":"naus Funkenerosion","url":"https:\/\/www.naus.de\/","logo":{"@type":"ImageObject","inLanguage":"en-US","@id":"https:\/\/www.naus.de\/#\/schema\/logo\/image\/","url":"https:\/\/www.naus.de\/wp-content\/uploads\/naus_logo_4c.jpg","contentUrl":"https:\/\/www.naus.de\/wp-content\/uploads\/naus_logo_4c.jpg","width":709,"height":295,"caption":"naus Funkenerosion"},"image":{"@id":"https:\/\/www.naus.de\/#\/schema\/logo\/image\/"}}]}},"_links":{"self":[{"href":"https:\/\/www.naus.de\/en\/wp-json\/wp\/v2\/pages\/2156","targetHints":{"allow":["GET"]}}],"collection":[{"href":"https:\/\/www.naus.de\/en\/wp-json\/wp\/v2\/pages"}],"about":[{"href":"https:\/\/www.naus.de\/en\/wp-json\/wp\/v2\/types\/page"}],"author":[{"embeddable":true,"href":"https:\/\/www.naus.de\/en\/wp-json\/wp\/v2\/users\/1"}],"replies":[{"embeddable":true,"href":"https:\/\/www.naus.de\/en\/wp-json\/wp\/v2\/comments?post=2156"}],"version-history":[{"count":0,"href":"https:\/\/www.naus.de\/en\/wp-json\/wp\/v2\/pages\/2156\/revisions"}],"wp:attachment":[{"href":"https:\/\/www.naus.de\/en\/wp-json\/wp\/v2\/media?parent=2156"}],"curies":[{"name":"wp","href":"https:\/\/api.w.org\/{rel}","templated":true}]}}