{"id":2142,"date":"2025-03-25T11:48:19","date_gmt":"2025-03-25T10:48:19","guid":{"rendered":"https:\/\/www.naus.de\/the-company\/"},"modified":"2025-03-27T13:30:40","modified_gmt":"2025-03-27T12:30:40","slug":"company","status":"publish","type":"page","link":"https:\/\/www.naus.de\/en\/company\/","title":{"rendered":"The company"},"content":{"rendered":"\t\t<div data-elementor-type=\"wp-page\" data-elementor-id=\"2142\" class=\"elementor elementor-2142 elementor-1773\" data-elementor-post-type=\"page\">\n\t\t\t\t<div class=\"elementor-element elementor-element-6f321e0 e-flex e-con-boxed e-con e-parent\" data-id=\"6f321e0\" data-element_type=\"container\" data-e-type=\"container\">\n\t\t\t\t\t<div class=\"e-con-inner\">\n\t\t<div class=\"elementor-element elementor-element-8f45b48 e-con-full e-flex e-con e-child\" data-id=\"8f45b48\" data-element_type=\"container\" data-e-type=\"container\">\n\t\t\t\t<div class=\"elementor-element elementor-element-6064ba1 elementor-widget elementor-widget-heading\" data-id=\"6064ba1\" data-element_type=\"widget\" data-e-type=\"widget\" data-widget_type=\"heading.default\">\n\t\t\t\t<div class=\"elementor-widget-container\">\n\t\t\t\t\t<h2 class=\"elementor-heading-title elementor-size-default\">Precision and quality<\/h2>\t\t\t\t<\/div>\n\t\t\t\t<\/div>\n\t\t\t\t<div class=\"elementor-element elementor-element-ea2cf23 elementor-widget elementor-widget-text-editor\" data-id=\"ea2cf23\" data-element_type=\"widget\" data-e-type=\"widget\" data-widget_type=\"text-editor.default\">\n\t\t\t\t<div class=\"elementor-widget-container\">\n\t\t\t\t\t\t\t\t\t<p>Since 1967 we have developed mature solutions for single parts as well as for series production. Through personal support, comprehensive advice and our modern machinery, our customers always receive the best and most cost-effective processing of their orders \u2013 and with absolute punctuality.<\/p>\t\t\t\t\t\t\t\t<\/div>\n\t\t\t\t<\/div>\n\t\t\t\t<div class=\"elementor-element elementor-element-61bec92 elementor-widget elementor-widget-text-editor\" data-id=\"61bec92\" data-element_type=\"widget\" data-e-type=\"widget\" data-widget_type=\"text-editor.default\">\n\t\t\t\t<div class=\"elementor-widget-container\">\n\t\t\t\t\t\t\t\t\t<ul><li><strong>Owner-managed since 1967<\/strong><\/li><li><strong>Comprehensive material expertise<\/strong><\/li><li><strong>State-of-the-art application technology<\/strong><\/li><li><strong>Latest measurement technology<\/strong><\/li><li><strong>100% quality promise<\/strong><\/li><li><strong>27 machines for wire electro-discharge, vertical eroding, drilling erosion<\/strong><\/li><li><strong>3 HSC milling machines<\/strong><\/li><li><strong>2 CNC coordinate measuring centers from Zeiss with scanning technology<\/strong><\/li><\/ul>\t\t\t\t\t\t\t\t<\/div>\n\t\t\t\t<\/div>\n\t\t\t\t<\/div>\n\t\t<div class=\"elementor-element elementor-element-7c859f3 e-con-full e-flex e-con e-child\" data-id=\"7c859f3\" data-element_type=\"container\" data-e-type=\"container\">\n\t\t\t\t<div class=\"elementor-element elementor-element-7a9e346 elementor-widget elementor-widget-image\" data-id=\"7a9e346\" data-element_type=\"widget\" data-e-type=\"widget\" data-widget_type=\"image.default\">\n\t\t\t\t<div class=\"elementor-widget-container\">\n\t\t\t\t\t\t\t\t\t\t\t\t\t\t\t<img fetchpriority=\"high\" decoding=\"async\" width=\"800\" height=\"527\" src=\"https:\/\/www.naus.de\/wp-content\/uploads\/naus-gebaeude-25-1024x675.jpg\" class=\"attachment-large size-large wp-image-2247\" alt=\"\" srcset=\"https:\/\/www.naus.de\/wp-content\/uploads\/naus-gebaeude-25-1024x675.jpg 1024w, https:\/\/www.naus.de\/wp-content\/uploads\/naus-gebaeude-25-300x198.jpg 300w, https:\/\/www.naus.de\/wp-content\/uploads\/naus-gebaeude-25-768x506.jpg 768w, https:\/\/www.naus.de\/wp-content\/uploads\/naus-gebaeude-25-1536x1013.jpg 1536w, https:\/\/www.naus.de\/wp-content\/uploads\/naus-gebaeude-25.jpg 1800w\" sizes=\"(max-width: 800px) 100vw, 800px\" \/>\t\t\t\t\t\t\t\t\t\t\t\t\t\t\t<\/div>\n\t\t\t\t<\/div>\n\t\t\t\t<\/div>\n\t\t\t\t\t<\/div>\n\t\t\t\t<\/div>\n\t\t<div class=\"elementor-element elementor-element-a7dc8b6 e-flex e-con-boxed e-con e-parent\" data-id=\"a7dc8b6\" data-element_type=\"container\" data-e-type=\"container\">\n\t\t\t\t\t<div class=\"e-con-inner\">\n\t\t<div class=\"elementor-element elementor-element-50ead2a e-con-full e-flex e-con e-child\" data-id=\"50ead2a\" data-element_type=\"container\" data-e-type=\"container\">\n\t\t\t\t<div class=\"elementor-element elementor-element-8cb6a42 elementor-widget elementor-widget-image\" data-id=\"8cb6a42\" data-element_type=\"widget\" data-e-type=\"widget\" data-widget_type=\"image.default\">\n\t\t\t\t<div class=\"elementor-widget-container\">\n\t\t\t\t\t\t\t\t\t\t\t\t\t\t\t<img decoding=\"async\" width=\"800\" height=\"894\" src=\"https:\/\/www.naus.de\/wp-content\/uploads\/naus_gruppenbild_weiss-e1543414713519-916x1024.jpg\" class=\"attachment-large size-large wp-image-2137\" alt=\"\" srcset=\"https:\/\/www.naus.de\/wp-content\/uploads\/naus_gruppenbild_weiss-e1543414713519-916x1024.jpg 916w, https:\/\/www.naus.de\/wp-content\/uploads\/naus_gruppenbild_weiss-e1543414713519-269x300.jpg 269w, https:\/\/www.naus.de\/wp-content\/uploads\/naus_gruppenbild_weiss-e1543414713519-768x858.jpg 768w, https:\/\/www.naus.de\/wp-content\/uploads\/naus_gruppenbild_weiss-e1543414713519.jpg 1074w\" sizes=\"(max-width: 800px) 100vw, 800px\" \/>\t\t\t\t\t\t\t\t\t\t\t\t\t\t\t<\/div>\n\t\t\t\t<\/div>\n\t\t\t\t<\/div>\n\t\t<div class=\"elementor-element elementor-element-ef1de23 e-con-full e-flex e-con e-child\" data-id=\"ef1de23\" data-element_type=\"container\" data-e-type=\"container\">\n\t\t\t\t<div class=\"elementor-element elementor-element-51a3563 elementor-widget elementor-widget-n-accordion\" data-id=\"51a3563\" data-element_type=\"widget\" data-e-type=\"widget\" data-settings=\"{&quot;default_state&quot;:&quot;expanded&quot;,&quot;max_items_expended&quot;:&quot;one&quot;,&quot;n_accordion_animation_duration&quot;:{&quot;unit&quot;:&quot;ms&quot;,&quot;size&quot;:400,&quot;sizes&quot;:[]}}\" data-widget_type=\"nested-accordion.default\">\n\t\t\t\t<div class=\"elementor-widget-container\">\n\t\t\t\t\t\t\t<div class=\"e-n-accordion\" aria-label=\"Accordion. Open links with Enter or Space, close with Escape, and navigate with Arrow Keys\">\n\t\t\t\t\t\t<details id=\"e-n-accordion-item-8560\" class=\"e-n-accordion-item\" open>\n\t\t\t\t<summary class=\"e-n-accordion-item-title\" data-accordion-index=\"1\" tabindex=\"0\" aria-expanded=\"true\" aria-controls=\"e-n-accordion-item-8560\" >\n\t\t\t\t\t<span class='e-n-accordion-item-title-header'><div class=\"e-n-accordion-item-title-text\"> Fields of activity <\/div><\/span>\n\t\t\t\t\t\t\t<span class='e-n-accordion-item-title-icon'>\n\t\t\t<span class='e-opened' ><svg aria-hidden=\"true\" class=\"e-font-icon-svg e-fas-minus\" viewBox=\"0 0 448 512\" xmlns=\"http:\/\/www.w3.org\/2000\/svg\"><path d=\"M416 208H32c-17.67 0-32 14.33-32 32v32c0 17.67 14.33 32 32 32h384c17.67 0 32-14.33 32-32v-32c0-17.67-14.33-32-32-32z\"><\/path><\/svg><\/span>\n\t\t\t<span class='e-closed'><svg aria-hidden=\"true\" class=\"e-font-icon-svg e-fas-plus\" viewBox=\"0 0 448 512\" xmlns=\"http:\/\/www.w3.org\/2000\/svg\"><path d=\"M416 208H272V64c0-17.67-14.33-32-32-32h-32c-17.67 0-32 14.33-32 32v144H32c-17.67 0-32 14.33-32 32v32c0 17.67 14.33 32 32 32h144v144c0 17.67 14.33 32 32 32h32c17.67 0 32-14.33 32-32V304h144c17.67 0 32-14.33 32-32v-32c0-17.67-14.33-32-32-32z\"><\/path><\/svg><\/span>\n\t\t<\/span>\n\n\t\t\t\t\t\t<\/summary>\n\t\t\t\t<div role=\"region\" aria-labelledby=\"e-n-accordion-item-8560\" class=\"elementor-element elementor-element-2b84bf4 e-con-full e-flex e-con e-child\" data-id=\"2b84bf4\" data-element_type=\"container\" data-e-type=\"container\">\n\t\t\t\t<div class=\"elementor-element elementor-element-00a6eda elementor-widget elementor-widget-text-editor\" data-id=\"00a6eda\" data-element_type=\"widget\" data-e-type=\"widget\" data-widget_type=\"text-editor.default\">\n\t\t\t\t<div class=\"elementor-widget-container\">\n\t\t\t\t\t\t\t\t\t<p>Our field of activity ranges from tool and mold making, cutting, stamping and progressive dies, machine and special machine construction, automotive and aerospace industry, medical technology, hydraulics and pneumatics, electrical industry, packaging industry, measurement technology and motor sports to electrode planning and production by milling, turning, grinding and wire erosion.<\/p>\t\t\t\t\t\t\t\t<\/div>\n\t\t\t\t<\/div>\n\t\t\t\t<\/div>\n\t\t\t\t\t<\/details>\n\t\t\t\t\t\t<details id=\"e-n-accordion-item-8561\" class=\"e-n-accordion-item\" >\n\t\t\t\t<summary class=\"e-n-accordion-item-title\" data-accordion-index=\"2\" tabindex=\"-1\" aria-expanded=\"false\" aria-controls=\"e-n-accordion-item-8561\" >\n\t\t\t\t\t<span class='e-n-accordion-item-title-header'><div class=\"e-n-accordion-item-title-text\"> Variety of materials <\/div><\/span>\n\t\t\t\t\t\t\t<span class='e-n-accordion-item-title-icon'>\n\t\t\t<span class='e-opened' ><svg aria-hidden=\"true\" class=\"e-font-icon-svg e-fas-minus\" viewBox=\"0 0 448 512\" xmlns=\"http:\/\/www.w3.org\/2000\/svg\"><path d=\"M416 208H32c-17.67 0-32 14.33-32 32v32c0 17.67 14.33 32 32 32h384c17.67 0 32-14.33 32-32v-32c0-17.67-14.33-32-32-32z\"><\/path><\/svg><\/span>\n\t\t\t<span class='e-closed'><svg aria-hidden=\"true\" class=\"e-font-icon-svg e-fas-plus\" viewBox=\"0 0 448 512\" xmlns=\"http:\/\/www.w3.org\/2000\/svg\"><path d=\"M416 208H272V64c0-17.67-14.33-32-32-32h-32c-17.67 0-32 14.33-32 32v144H32c-17.67 0-32 14.33-32 32v32c0 17.67 14.33 32 32 32h144v144c0 17.67 14.33 32 32 32h32c17.67 0 32-14.33 32-32V304h144c17.67 0 32-14.33 32-32v-32c0-17.67-14.33-32-32-32z\"><\/path><\/svg><\/span>\n\t\t<\/span>\n\n\t\t\t\t\t\t<\/summary>\n\t\t\t\t<div role=\"region\" aria-labelledby=\"e-n-accordion-item-8561\" class=\"elementor-element elementor-element-5722f85 e-con-full e-flex e-con e-child\" data-id=\"5722f85\" data-element_type=\"container\" data-e-type=\"container\">\n\t\t\t\t<div class=\"elementor-element elementor-element-d99dd8f elementor-widget elementor-widget-text-editor\" data-id=\"d99dd8f\" data-element_type=\"widget\" data-e-type=\"widget\" data-widget_type=\"text-editor.default\">\n\t\t\t\t<div class=\"elementor-widget-container\">\n\t\t\t\t\t\t\t\t\t<p>Every day we work with all electrically conductive materials such as steel, aluminum, copper, graphite, carbide, titanium, nickel, Ampco, Inconell, tungsten copper, PCD and precious metals in the smallest and largest dimensions.<\/p>\t\t\t\t\t\t\t\t<\/div>\n\t\t\t\t<\/div>\n\t\t\t\t<\/div>\n\t\t\t\t\t<\/details>\n\t\t\t\t\t\t<details id=\"e-n-accordion-item-8562\" class=\"e-n-accordion-item\" >\n\t\t\t\t<summary class=\"e-n-accordion-item-title\" data-accordion-index=\"3\" tabindex=\"-1\" aria-expanded=\"false\" aria-controls=\"e-n-accordion-item-8562\" >\n\t\t\t\t\t<span class='e-n-accordion-item-title-header'><div class=\"e-n-accordion-item-title-text\"> CAD \/ CAM <\/div><\/span>\n\t\t\t\t\t\t\t<span class='e-n-accordion-item-title-icon'>\n\t\t\t<span class='e-opened' ><svg aria-hidden=\"true\" class=\"e-font-icon-svg e-fas-minus\" viewBox=\"0 0 448 512\" xmlns=\"http:\/\/www.w3.org\/2000\/svg\"><path d=\"M416 208H32c-17.67 0-32 14.33-32 32v32c0 17.67 14.33 32 32 32h384c17.67 0 32-14.33 32-32v-32c0-17.67-14.33-32-32-32z\"><\/path><\/svg><\/span>\n\t\t\t<span class='e-closed'><svg aria-hidden=\"true\" class=\"e-font-icon-svg e-fas-plus\" viewBox=\"0 0 448 512\" xmlns=\"http:\/\/www.w3.org\/2000\/svg\"><path d=\"M416 208H272V64c0-17.67-14.33-32-32-32h-32c-17.67 0-32 14.33-32 32v144H32c-17.67 0-32 14.33-32 32v32c0 17.67 14.33 32 32 32h144v144c0 17.67 14.33 32 32 32h32c17.67 0 32-14.33 32-32V304h144c17.67 0 32-14.33 32-32v-32c0-17.67-14.33-32-32-32z\"><\/path><\/svg><\/span>\n\t\t<\/span>\n\n\t\t\t\t\t\t<\/summary>\n\t\t\t\t<div role=\"region\" aria-labelledby=\"e-n-accordion-item-8562\" class=\"elementor-element elementor-element-3d51a68 e-con-full e-flex e-con e-child\" data-id=\"3d51a68\" data-element_type=\"container\" data-e-type=\"container\">\n\t\t\t\t<div class=\"elementor-element elementor-element-7053b05 elementor-widget elementor-widget-text-editor\" data-id=\"7053b05\" data-element_type=\"widget\" data-e-type=\"widget\" data-widget_type=\"text-editor.default\">\n\t\t\t\t<div class=\"elementor-widget-container\">\n\t\t\t\t\t\t\t\t\t<p>We work with Catia, Peps and Mastercam software for modeling surfaces and solids as well as for designing all gear contours.<\/p>\t\t\t\t\t\t\t\t<\/div>\n\t\t\t\t<\/div>\n\t\t\t\t<\/div>\n\t\t\t\t\t<\/details>\n\t\t\t\t\t\t<details id=\"e-n-accordion-item-8563\" class=\"e-n-accordion-item\" >\n\t\t\t\t<summary class=\"e-n-accordion-item-title\" data-accordion-index=\"4\" tabindex=\"-1\" aria-expanded=\"false\" aria-controls=\"e-n-accordion-item-8563\" >\n\t\t\t\t\t<span class='e-n-accordion-item-title-header'><div class=\"e-n-accordion-item-title-text\"> Measuring technology <\/div><\/span>\n\t\t\t\t\t\t\t<span class='e-n-accordion-item-title-icon'>\n\t\t\t<span class='e-opened' ><svg aria-hidden=\"true\" class=\"e-font-icon-svg e-fas-minus\" viewBox=\"0 0 448 512\" xmlns=\"http:\/\/www.w3.org\/2000\/svg\"><path d=\"M416 208H32c-17.67 0-32 14.33-32 32v32c0 17.67 14.33 32 32 32h384c17.67 0 32-14.33 32-32v-32c0-17.67-14.33-32-32-32z\"><\/path><\/svg><\/span>\n\t\t\t<span class='e-closed'><svg aria-hidden=\"true\" class=\"e-font-icon-svg e-fas-plus\" viewBox=\"0 0 448 512\" xmlns=\"http:\/\/www.w3.org\/2000\/svg\"><path d=\"M416 208H272V64c0-17.67-14.33-32-32-32h-32c-17.67 0-32 14.33-32 32v144H32c-17.67 0-32 14.33-32 32v32c0 17.67 14.33 32 32 32h144v144c0 17.67 14.33 32 32 32h32c17.67 0 32-14.33 32-32V304h144c17.67 0 32-14.33 32-32v-32c0-17.67-14.33-32-32-32z\"><\/path><\/svg><\/span>\n\t\t<\/span>\n\n\t\t\t\t\t\t<\/summary>\n\t\t\t\t<div role=\"region\" aria-labelledby=\"e-n-accordion-item-8563\" class=\"elementor-element elementor-element-e3228e9 e-flex e-con-boxed e-con e-child\" data-id=\"e3228e9\" data-element_type=\"container\" data-e-type=\"container\">\n\t\t\t\t\t<div class=\"e-con-inner\">\n\t\t\t\t<div class=\"elementor-element elementor-element-5a429e4 elementor-widget elementor-widget-text-editor\" data-id=\"5a429e4\" data-element_type=\"widget\" data-e-type=\"widget\" data-widget_type=\"text-editor.default\">\n\t\t\t\t<div class=\"elementor-widget-container\">\n\t\t\t\t\t\t\t\t\t<p>It goes without saying that all parts manufactured by us are subjected to qualified inspection using our measuring equipment. We have two certified Zeiss measuring machines at our disposal for this purpose.<\/p>\t\t\t\t\t\t\t\t<\/div>\n\t\t\t\t<\/div>\n\t\t\t\t\t<\/div>\n\t\t\t\t<\/div>\n\t\t\t\t\t<\/details>\n\t\t\t\t\t\t<details id=\"e-n-accordion-item-8564\" class=\"e-n-accordion-item\" >\n\t\t\t\t<summary class=\"e-n-accordion-item-title\" data-accordion-index=\"5\" tabindex=\"-1\" aria-expanded=\"false\" aria-controls=\"e-n-accordion-item-8564\" >\n\t\t\t\t\t<span class='e-n-accordion-item-title-header'><div class=\"e-n-accordion-item-title-text\"> Laser welding <\/div><\/span>\n\t\t\t\t\t\t\t<span class='e-n-accordion-item-title-icon'>\n\t\t\t<span class='e-opened' ><svg aria-hidden=\"true\" class=\"e-font-icon-svg e-fas-minus\" viewBox=\"0 0 448 512\" xmlns=\"http:\/\/www.w3.org\/2000\/svg\"><path d=\"M416 208H32c-17.67 0-32 14.33-32 32v32c0 17.67 14.33 32 32 32h384c17.67 0 32-14.33 32-32v-32c0-17.67-14.33-32-32-32z\"><\/path><\/svg><\/span>\n\t\t\t<span class='e-closed'><svg aria-hidden=\"true\" class=\"e-font-icon-svg e-fas-plus\" viewBox=\"0 0 448 512\" xmlns=\"http:\/\/www.w3.org\/2000\/svg\"><path d=\"M416 208H272V64c0-17.67-14.33-32-32-32h-32c-17.67 0-32 14.33-32 32v144H32c-17.67 0-32 14.33-32 32v32c0 17.67 14.33 32 32 32h144v144c0 17.67 14.33 32 32 32h32c17.67 0 32-14.33 32-32V304h144c17.67 0 32-14.33 32-32v-32c0-17.67-14.33-32-32-32z\"><\/path><\/svg><\/span>\n\t\t<\/span>\n\n\t\t\t\t\t\t<\/summary>\n\t\t\t\t<div role=\"region\" aria-labelledby=\"e-n-accordion-item-8564\" class=\"elementor-element elementor-element-52b242c e-flex e-con-boxed e-con e-child\" data-id=\"52b242c\" data-element_type=\"container\" data-e-type=\"container\">\n\t\t\t\t\t<div class=\"e-con-inner\">\n\t\t\t\t<div class=\"elementor-element elementor-element-8a553be elementor-widget elementor-widget-text-editor\" data-id=\"8a553be\" data-element_type=\"widget\" data-e-type=\"widget\" data-widget_type=\"text-editor.default\">\n\t\t\t\t<div class=\"elementor-widget-container\">\n\t\t\t\t\t\t\t\t\t<p>Another area of expertise is the laser cladding of metals and metal alloys. For example, steel, aluminum, titanium and other metals are used. Welding can be carried out with or without filler material.<\/p><p>We can also take on the repair welding of molds and tools for you. Your advantage with regard to laser welding: All parts can be reworked or finished directly by us.<\/p><p><strong>Our system for this is the Rofin Integral 200 Watt.<\/strong><\/p>\t\t\t\t\t\t\t\t<\/div>\n\t\t\t\t<\/div>\n\t\t\t\t\t<\/div>\n\t\t\t\t<\/div>\n\t\t\t\t\t<\/details>\n\t\t\t\t\t<\/div>\n\t\t\t\t\t\t<\/div>\n\t\t\t\t<\/div>\n\t\t\t\t<\/div>\n\t\t\t\t\t<\/div>\n\t\t\t\t<\/div>\n\t\t\t\t<\/div>\n\t\t","protected":false},"excerpt":{"rendered":"<p>Precision and quality Since 1967 we have developed mature solutions for single parts as well as for series production. Through personal support, comprehensive advice and our modern machinery, our customers always receive the best and most cost-effective processing of their orders \u2013 and with absolute punctuality. Owner-managed since 1967 Comprehensive material expertise State-of-the-art application technology [&hellip;]<\/p>\n","protected":false},"author":1,"featured_media":0,"parent":0,"menu_order":0,"comment_status":"closed","ping_status":"closed","template":"","meta":{"footnotes":""},"class_list":["post-2142","page","type-page","status-publish","hentry"],"yoast_head":"<!-- This site is optimized with the Yoast SEO plugin v27.2 - https:\/\/yoast.com\/product\/yoast-seo-wordpress\/ -->\n<title>The company - naus Funkenerosion<\/title>\n<meta name=\"robots\" content=\"index, follow, max-snippet:-1, max-image-preview:large, max-video-preview:-1\" \/>\n<link rel=\"canonical\" href=\"https:\/\/www.naus.de\/en\/company\/\" \/>\n<meta property=\"og:locale\" content=\"en_US\" \/>\n<meta property=\"og:type\" content=\"article\" \/>\n<meta property=\"og:title\" content=\"The company - naus Funkenerosion\" \/>\n<meta property=\"og:description\" content=\"Precision and quality Since 1967 we have developed mature solutions for single parts as well as for series production. Through personal support, comprehensive advice and our modern machinery, our customers always receive the best and most cost-effective processing of their orders \u2013 and with absolute punctuality. Owner-managed since 1967 Comprehensive material expertise State-of-the-art application technology [&hellip;]\" \/>\n<meta property=\"og:url\" content=\"https:\/\/www.naus.de\/en\/company\/\" \/>\n<meta property=\"og:site_name\" content=\"naus Funkenerosion\" \/>\n<meta property=\"article:modified_time\" content=\"2025-03-27T12:30:40+00:00\" \/>\n<meta property=\"og:image\" content=\"https:\/\/www.naus.de\/wp-content\/uploads\/naus-gebaeude-25.jpg\" \/>\n\t<meta property=\"og:image:width\" content=\"1800\" \/>\n\t<meta property=\"og:image:height\" content=\"1187\" \/>\n\t<meta property=\"og:image:type\" content=\"image\/jpeg\" \/>\n<meta name=\"twitter:card\" content=\"summary_large_image\" \/>\n<meta name=\"twitter:label1\" content=\"Est. reading time\" \/>\n\t<meta name=\"twitter:data1\" content=\"3 minutes\" \/>\n<script type=\"application\/ld+json\" class=\"yoast-schema-graph\">{\"@context\":\"https:\/\/schema.org\",\"@graph\":[{\"@type\":\"WebPage\",\"@id\":\"https:\/\/www.naus.de\/en\/company\/\",\"url\":\"https:\/\/www.naus.de\/en\/company\/\",\"name\":\"The company - naus Funkenerosion\",\"isPartOf\":{\"@id\":\"https:\/\/www.naus.de\/#website\"},\"primaryImageOfPage\":{\"@id\":\"https:\/\/www.naus.de\/en\/company\/#primaryimage\"},\"image\":{\"@id\":\"https:\/\/www.naus.de\/en\/company\/#primaryimage\"},\"thumbnailUrl\":\"https:\/\/www.naus.de\/wp-content\/uploads\/naus-gebaeude-25-1024x675.jpg\",\"datePublished\":\"2025-03-25T10:48:19+00:00\",\"dateModified\":\"2025-03-27T12:30:40+00:00\",\"breadcrumb\":{\"@id\":\"https:\/\/www.naus.de\/en\/company\/#breadcrumb\"},\"inLanguage\":\"en-US\",\"potentialAction\":[{\"@type\":\"ReadAction\",\"target\":[\"https:\/\/www.naus.de\/en\/company\/\"]}]},{\"@type\":\"ImageObject\",\"inLanguage\":\"en-US\",\"@id\":\"https:\/\/www.naus.de\/en\/company\/#primaryimage\",\"url\":\"https:\/\/www.naus.de\/wp-content\/uploads\/naus-gebaeude-25-1024x675.jpg\",\"contentUrl\":\"https:\/\/www.naus.de\/wp-content\/uploads\/naus-gebaeude-25-1024x675.jpg\"},{\"@type\":\"BreadcrumbList\",\"@id\":\"https:\/\/www.naus.de\/en\/company\/#breadcrumb\",\"itemListElement\":[{\"@type\":\"ListItem\",\"position\":1,\"name\":\"Startseite\",\"item\":\"https:\/\/www.naus.de\/\"},{\"@type\":\"ListItem\",\"position\":2,\"name\":\"The company\"}]},{\"@type\":\"WebSite\",\"@id\":\"https:\/\/www.naus.de\/#website\",\"url\":\"https:\/\/www.naus.de\/\",\"name\":\"naus Funkenerosion\",\"description\":\"Drahterosion, Senkerosion, Bohrerosion und Fr\u00e4stechnik mit h\u00f6chster Pr\u00e4zision\",\"publisher\":{\"@id\":\"https:\/\/www.naus.de\/#organization\"},\"potentialAction\":[{\"@type\":\"SearchAction\",\"target\":{\"@type\":\"EntryPoint\",\"urlTemplate\":\"https:\/\/www.naus.de\/?s={search_term_string}\"},\"query-input\":{\"@type\":\"PropertyValueSpecification\",\"valueRequired\":true,\"valueName\":\"search_term_string\"}}],\"inLanguage\":\"en-US\"},{\"@type\":\"Organization\",\"@id\":\"https:\/\/www.naus.de\/#organization\",\"name\":\"naus Funkenerosion\",\"url\":\"https:\/\/www.naus.de\/\",\"logo\":{\"@type\":\"ImageObject\",\"inLanguage\":\"en-US\",\"@id\":\"https:\/\/www.naus.de\/#\/schema\/logo\/image\/\",\"url\":\"https:\/\/www.naus.de\/wp-content\/uploads\/naus_logo_4c.jpg\",\"contentUrl\":\"https:\/\/www.naus.de\/wp-content\/uploads\/naus_logo_4c.jpg\",\"width\":709,\"height\":295,\"caption\":\"naus Funkenerosion\"},\"image\":{\"@id\":\"https:\/\/www.naus.de\/#\/schema\/logo\/image\/\"}}]}<\/script>\n<!-- \/ Yoast SEO plugin. -->","yoast_head_json":{"title":"The company - naus Funkenerosion","robots":{"index":"index","follow":"follow","max-snippet":"max-snippet:-1","max-image-preview":"max-image-preview:large","max-video-preview":"max-video-preview:-1"},"canonical":"https:\/\/www.naus.de\/en\/company\/","og_locale":"en_US","og_type":"article","og_title":"The company - naus Funkenerosion","og_description":"Precision and quality Since 1967 we have developed mature solutions for single parts as well as for series production. Through personal support, comprehensive advice and our modern machinery, our customers always receive the best and most cost-effective processing of their orders \u2013 and with absolute punctuality. Owner-managed since 1967 Comprehensive material expertise State-of-the-art application technology [&hellip;]","og_url":"https:\/\/www.naus.de\/en\/company\/","og_site_name":"naus Funkenerosion","article_modified_time":"2025-03-27T12:30:40+00:00","og_image":[{"width":1800,"height":1187,"url":"https:\/\/www.naus.de\/wp-content\/uploads\/naus-gebaeude-25.jpg","type":"image\/jpeg"}],"twitter_card":"summary_large_image","twitter_misc":{"Est. reading time":"3 minutes"},"schema":{"@context":"https:\/\/schema.org","@graph":[{"@type":"WebPage","@id":"https:\/\/www.naus.de\/en\/company\/","url":"https:\/\/www.naus.de\/en\/company\/","name":"The company - naus Funkenerosion","isPartOf":{"@id":"https:\/\/www.naus.de\/#website"},"primaryImageOfPage":{"@id":"https:\/\/www.naus.de\/en\/company\/#primaryimage"},"image":{"@id":"https:\/\/www.naus.de\/en\/company\/#primaryimage"},"thumbnailUrl":"https:\/\/www.naus.de\/wp-content\/uploads\/naus-gebaeude-25-1024x675.jpg","datePublished":"2025-03-25T10:48:19+00:00","dateModified":"2025-03-27T12:30:40+00:00","breadcrumb":{"@id":"https:\/\/www.naus.de\/en\/company\/#breadcrumb"},"inLanguage":"en-US","potentialAction":[{"@type":"ReadAction","target":["https:\/\/www.naus.de\/en\/company\/"]}]},{"@type":"ImageObject","inLanguage":"en-US","@id":"https:\/\/www.naus.de\/en\/company\/#primaryimage","url":"https:\/\/www.naus.de\/wp-content\/uploads\/naus-gebaeude-25-1024x675.jpg","contentUrl":"https:\/\/www.naus.de\/wp-content\/uploads\/naus-gebaeude-25-1024x675.jpg"},{"@type":"BreadcrumbList","@id":"https:\/\/www.naus.de\/en\/company\/#breadcrumb","itemListElement":[{"@type":"ListItem","position":1,"name":"Startseite","item":"https:\/\/www.naus.de\/"},{"@type":"ListItem","position":2,"name":"The company"}]},{"@type":"WebSite","@id":"https:\/\/www.naus.de\/#website","url":"https:\/\/www.naus.de\/","name":"naus Funkenerosion","description":"Drahterosion, Senkerosion, Bohrerosion und Fr\u00e4stechnik mit h\u00f6chster Pr\u00e4zision","publisher":{"@id":"https:\/\/www.naus.de\/#organization"},"potentialAction":[{"@type":"SearchAction","target":{"@type":"EntryPoint","urlTemplate":"https:\/\/www.naus.de\/?s={search_term_string}"},"query-input":{"@type":"PropertyValueSpecification","valueRequired":true,"valueName":"search_term_string"}}],"inLanguage":"en-US"},{"@type":"Organization","@id":"https:\/\/www.naus.de\/#organization","name":"naus Funkenerosion","url":"https:\/\/www.naus.de\/","logo":{"@type":"ImageObject","inLanguage":"en-US","@id":"https:\/\/www.naus.de\/#\/schema\/logo\/image\/","url":"https:\/\/www.naus.de\/wp-content\/uploads\/naus_logo_4c.jpg","contentUrl":"https:\/\/www.naus.de\/wp-content\/uploads\/naus_logo_4c.jpg","width":709,"height":295,"caption":"naus Funkenerosion"},"image":{"@id":"https:\/\/www.naus.de\/#\/schema\/logo\/image\/"}}]}},"_links":{"self":[{"href":"https:\/\/www.naus.de\/en\/wp-json\/wp\/v2\/pages\/2142","targetHints":{"allow":["GET"]}}],"collection":[{"href":"https:\/\/www.naus.de\/en\/wp-json\/wp\/v2\/pages"}],"about":[{"href":"https:\/\/www.naus.de\/en\/wp-json\/wp\/v2\/types\/page"}],"author":[{"embeddable":true,"href":"https:\/\/www.naus.de\/en\/wp-json\/wp\/v2\/users\/1"}],"replies":[{"embeddable":true,"href":"https:\/\/www.naus.de\/en\/wp-json\/wp\/v2\/comments?post=2142"}],"version-history":[{"count":0,"href":"https:\/\/www.naus.de\/en\/wp-json\/wp\/v2\/pages\/2142\/revisions"}],"wp:attachment":[{"href":"https:\/\/www.naus.de\/en\/wp-json\/wp\/v2\/media?parent=2142"}],"curies":[{"name":"wp","href":"https:\/\/api.w.org\/{rel}","templated":true}]}}